{"id":5273,"date":"2023-08-18T07:16:51","date_gmt":"2023-08-18T07:16:51","guid":{"rendered":"https:\/\/effektives-marketing.ch\/?page_id=5273"},"modified":"2023-08-18T07:43:28","modified_gmt":"2023-08-18T07:43:28","slug":"privacy","status":"publish","type":"page","link":"https:\/\/effektives-marketing.ch\/de\/privacy\/","title":{"rendered":"Privacy Policy"},"content":{"rendered":"\t\t<div data-elementor-type=\"wp-page\" data-elementor-id=\"5273\" class=\"elementor elementor-5273\">\n\t\t\t\t\t\t<section class=\"elementor-section elementor-top-section elementor-element elementor-element-5c58b083 elementor-section-boxed elementor-section-height-default elementor-section-height-default\" data-id=\"5c58b083\" data-element_type=\"section\" data-e-type=\"section\" data-settings=\"{&quot;jet_parallax_layout_list&quot;:[]}\">\n\t\t\t\t\t\t<div class=\"elementor-container elementor-column-gap-default\">\n\t\t\t\t\t<div class=\"elementor-column elementor-col-100 elementor-top-column elementor-element elementor-element-8fd9001\" data-id=\"8fd9001\" data-element_type=\"column\" data-e-type=\"column\">\n\t\t\t<div class=\"elementor-widget-wrap elementor-element-populated\">\n\t\t\t\t\t\t<section class=\"elementor-section elementor-inner-section elementor-element elementor-element-e1085d3 elementor-section-boxed elementor-section-height-default elementor-section-height-default\" data-id=\"e1085d3\" data-element_type=\"section\" data-e-type=\"section\" data-settings=\"{&quot;jet_parallax_layout_list&quot;:[]}\">\n\t\t\t\t\t\t<div class=\"elementor-container elementor-column-gap-default\">\n\t\t\t\t\t<div class=\"elementor-column elementor-col-100 elementor-inner-column elementor-element elementor-element-258a3b3\" data-id=\"258a3b3\" data-element_type=\"column\" data-e-type=\"column\">\n\t\t\t<div class=\"elementor-widget-wrap elementor-element-populated\">\n\t\t\t\t\t\t<div class=\"elementor-element elementor-element-bcee90f elementor-widget elementor-widget-spacer\" data-id=\"bcee90f\" data-element_type=\"widget\" data-e-type=\"widget\" data-widget_type=\"spacer.default\">\n\t\t\t\t<div class=\"elementor-widget-container\">\n\t\t\t\t\t\t\t<div class=\"elementor-spacer\">\n\t\t\t<div class=\"elementor-spacer-inner\"><\/div>\n\t\t<\/div>\n\t\t\t\t\t\t<\/div>\n\t\t\t\t<\/div>\n\t\t\t\t<div class=\"elementor-element elementor-element-f429402 elementor-widget elementor-widget-heading\" data-id=\"f429402\" data-element_type=\"widget\" data-e-type=\"widget\" data-widget_type=\"heading.default\">\n\t\t\t\t<div class=\"elementor-widget-container\">\n\t\t\t\t\t<h2 class=\"elementor-heading-title elementor-size-default\">Privacy Policy<\/h2>\t\t\t\t<\/div>\n\t\t\t\t<\/div>\n\t\t\t\t<div class=\"elementor-element elementor-element-a222b17 elementor-widget elementor-widget-spacer\" data-id=\"a222b17\" data-element_type=\"widget\" data-e-type=\"widget\" data-widget_type=\"spacer.default\">\n\t\t\t\t<div class=\"elementor-widget-container\">\n\t\t\t\t\t\t\t<div class=\"elementor-spacer\">\n\t\t\t<div class=\"elementor-spacer-inner\"><\/div>\n\t\t<\/div>\n\t\t\t\t\t\t<\/div>\n\t\t\t\t<\/div>\n\t\t\t\t<div class=\"elementor-element elementor-element-07a043a elementor-widget elementor-widget-heading\" data-id=\"07a043a\" data-element_type=\"widget\" data-e-type=\"widget\" data-widget_type=\"heading.default\">\n\t\t\t\t<div class=\"elementor-widget-container\">\n\t\t\t\t\t<h2 class=\"elementor-heading-title elementor-size-default\">Disclaimer\n<\/h2>\t\t\t\t<\/div>\n\t\t\t\t<\/div>\n\t\t\t\t<div class=\"elementor-element elementor-element-423f926 elementor-widget elementor-widget-text-editor\" data-id=\"423f926\" data-element_type=\"widget\" data-e-type=\"widget\" data-widget_type=\"text-editor.default\">\n\t\t\t\t<div class=\"elementor-widget-container\">\n\t\t\t\t\t\t\t\t\t<p><span style=\"font-weight: 400;\">This Privacy Policy is entirely transparent and it outlines how and why we collect, use, disclose, and safeguard the information acquired through cookies in accordance to GDPR. By accessing or using our website, you consent to the practices described in this policy, so please review the entire document carefully before continuing to use the website. If you do not agree with our practices, you should discontinue use of the website. It is possible to withdraw your consent in one month after accepting cookies. In case you want to withdraw it after that period, you should contact the person in charge listed in this document.<\/span><\/p>\t\t\t\t\t\t\t\t<\/div>\n\t\t\t\t<\/div>\n\t\t\t\t\t<\/div>\n\t\t<\/div>\n\t\t\t\t\t<\/div>\n\t\t<\/section>\n\t\t\t\t<div class=\"elementor-element elementor-element-3c05195 elementor-widget elementor-widget-heading\" data-id=\"3c05195\" data-element_type=\"widget\" data-e-type=\"widget\" data-widget_type=\"heading.default\">\n\t\t\t\t<div class=\"elementor-widget-container\">\n\t\t\t\t\t<h2 class=\"elementor-heading-title elementor-size-default\">Cookies<\/h2>\t\t\t\t<\/div>\n\t\t\t\t<\/div>\n\t\t\t\t<div class=\"elementor-element elementor-element-880fb39 elementor-widget elementor-widget-text-editor\" data-id=\"880fb39\" data-element_type=\"widget\" data-e-type=\"widget\" data-widget_type=\"text-editor.default\">\n\t\t\t\t<div class=\"elementor-widget-container\">\n\t\t\t\t\t\t\t\t\t<p><span style=\"font-weight: 400;\">We use cookies to enhance your browsing experience and analyze website traffic patterns. These cookies are used to personalize content and ads, and to provide you with a more tailored user experience based on your preferences.<\/span><\/p>\n<p><\/p>\t\t\t\t\t\t\t\t<\/div>\n\t\t\t\t<\/div>\n\t\t\t\t<div class=\"elementor-element elementor-element-0d818cd elementor-widget elementor-widget-heading\" data-id=\"0d818cd\" data-element_type=\"widget\" data-e-type=\"widget\" data-widget_type=\"heading.default\">\n\t\t\t\t<div class=\"elementor-widget-container\">\n\t\t\t\t\t<h2 class=\"elementor-heading-title elementor-size-default\">Data Protection<\/h2>\t\t\t\t<\/div>\n\t\t\t\t<\/div>\n\t\t\t\t<div class=\"elementor-element elementor-element-2b08faf elementor-widget elementor-widget-text-editor\" data-id=\"2b08faf\" data-element_type=\"widget\" data-e-type=\"widget\" data-widget_type=\"text-editor.default\">\n\t\t\t\t<div class=\"elementor-widget-container\">\n\t\t\t\t\t\t\t\t\t<p><span style=\"font-weight: 400;\">We prioritize the protection and security of your personal data collected through cookies, and we ensure the confidentiality and integrity of the information you provide to us. Access to your data is restricted to our company\u2019s authorized personnel only. We do not share, sell, or release any information acquired to third parties for marketing or any other purposes. We will only retain and evaluate information on your recent visits and preferred actions on our website for analytics purposes to understand how people use our website so that we can make it more user-friendly. We reserve the right to not be held responsible in case of any data loss that may happen as a result of system outage or any other reasons of any type.<\/span><\/p>\t\t\t\t\t\t\t\t<\/div>\n\t\t\t\t<\/div>\n\t\t\t\t<div class=\"elementor-element elementor-element-9f0dc0f elementor-widget elementor-widget-heading\" data-id=\"9f0dc0f\" data-element_type=\"widget\" data-e-type=\"widget\" data-widget_type=\"heading.default\">\n\t\t\t\t<div class=\"elementor-widget-container\">\n\t\t\t\t\t<h2 class=\"elementor-heading-title elementor-size-default\">Storage &amp; Deletion of Your Data<\/h2>\t\t\t\t<\/div>\n\t\t\t\t<\/div>\n\t\t\t\t<div class=\"elementor-element elementor-element-7ae32c9 elementor-widget elementor-widget-text-editor\" data-id=\"7ae32c9\" data-element_type=\"widget\" data-e-type=\"widget\" data-widget_type=\"text-editor.default\">\n\t\t\t\t<div class=\"elementor-widget-container\">\n\t\t\t\t\t\t\t\t\t<p><span style=\"font-weight: 400;\">We store personal data for as long as is necessary to fulfill contractual or legal obligations for which we collected the data. This website user data will be erased on an ongoing basis after 12 months from registration. After 12 months, the data is deleted immediately, unless it\u2019s necessary to keep it after the expiry of the statutory limitation period for evidence purposes for legal claims or obligations. <\/span><\/p>\t\t\t\t\t\t\t\t<\/div>\n\t\t\t\t<\/div>\n\t\t\t\t<div class=\"elementor-element elementor-element-22bfb9c elementor-widget elementor-widget-heading\" data-id=\"22bfb9c\" data-element_type=\"widget\" data-e-type=\"widget\" data-widget_type=\"heading.default\">\n\t\t\t\t<div class=\"elementor-widget-container\">\n\t\t\t\t\t<h2 class=\"elementor-heading-title elementor-size-default\">External Links Disclaimer<\/h2>\t\t\t\t<\/div>\n\t\t\t\t<\/div>\n\t\t\t\t<div class=\"elementor-element elementor-element-fe53ae7 elementor-widget elementor-widget-text-editor\" data-id=\"fe53ae7\" data-element_type=\"widget\" data-e-type=\"widget\" data-widget_type=\"text-editor.default\">\n\t\t\t\t<div class=\"elementor-widget-container\">\n\t\t\t\t\t\t\t\t\t<p><span style=\"font-weight: 400;\">The website may contain links to external websites that are not owned, operated or controlled by us. These links are provided solely for your convenience and reference for our work. We do not endorse, guarantee, or make any representations or warranties regarding the accuracy, completeness, reliability, or safety of the content on these external websites. We also cannot be held responsible for the content, practices, or privacy policies of these external sites. Before interacting with any linked site, we strongly recommend that you review and understand their terms of use, privacy policies, and practices.<\/span><\/p>\t\t\t\t\t\t\t\t<\/div>\n\t\t\t\t<\/div>\n\t\t\t\t<div class=\"elementor-element elementor-element-afcedc1 elementor-widget elementor-widget-heading\" data-id=\"afcedc1\" data-element_type=\"widget\" data-e-type=\"widget\" data-widget_type=\"heading.default\">\n\t\t\t\t<div class=\"elementor-widget-container\">\n\t\t\t\t\t<h2 class=\"elementor-heading-title elementor-size-default\">Changes to our privacy policy<\/h2>\t\t\t\t<\/div>\n\t\t\t\t<\/div>\n\t\t\t\t<div class=\"elementor-element elementor-element-4051f2b elementor-widget elementor-widget-text-editor\" data-id=\"4051f2b\" data-element_type=\"widget\" data-e-type=\"widget\" data-widget_type=\"text-editor.default\">\n\t\t\t\t<div class=\"elementor-widget-container\">\n\t\t\t\t\t\t\t\t\t<p><span style=\"font-weight: 400;\">We reserve the right to modify this Privacy Policy at any time and without prior notice. It is your responsibility to review this page periodically for any updates and changes. The date of the latest modification of the Privacy Policy will be listed at the end of this document.<\/span><\/p>\t\t\t\t\t\t\t\t<\/div>\n\t\t\t\t<\/div>\n\t\t\t\t<div class=\"elementor-element elementor-element-3ff6aee elementor-widget elementor-widget-heading\" data-id=\"3ff6aee\" data-element_type=\"widget\" data-e-type=\"widget\" data-widget_type=\"heading.default\">\n\t\t\t\t<div class=\"elementor-widget-container\">\n\t\t\t\t\t<h2 class=\"elementor-heading-title elementor-size-default\">Inquiries<\/h2>\t\t\t\t<\/div>\n\t\t\t\t<\/div>\n\t\t\t\t<div class=\"elementor-element elementor-element-6ee00fb elementor-widget elementor-widget-text-editor\" data-id=\"6ee00fb\" data-element_type=\"widget\" data-e-type=\"widget\" data-widget_type=\"text-editor.default\">\n\t\t\t\t<div class=\"elementor-widget-container\">\n\t\t\t\t\t\t\t\t\t<p><span style=\"font-weight: 400;\">Should you have a request regarding the processing of your personal data please contact the <em>company representative<\/em>:<\/span><\/p><ul><li><span style=\"font-weight: 400;\">Rok Sajovic<\/span><\/li><li><span style=\"font-weight: 400;\">CEO &amp; Founder<\/span><\/li><li><span style=\"font-weight: 400;\">+41 76 502 44 71<\/span><\/li><li><span style=\"font-weight: 400;\"><a href=\"mailto:hello@effektagency.com\">hello@effektagency.com<\/a><\/span><\/li><\/ul>\t\t\t\t\t\t\t\t<\/div>\n\t\t\t\t<\/div>\n\t\t\t\t<div class=\"elementor-element elementor-element-1be33e8 elementor-widget elementor-widget-heading\" data-id=\"1be33e8\" data-element_type=\"widget\" data-e-type=\"widget\" data-widget_type=\"heading.default\">\n\t\t\t\t<div class=\"elementor-widget-container\">\n\t\t\t\t\t<h2 class=\"elementor-heading-title elementor-size-default\">Update<\/h2>\t\t\t\t<\/div>\n\t\t\t\t<\/div>\n\t\t\t\t<div class=\"elementor-element elementor-element-5b5d081 elementor-widget elementor-widget-text-editor\" data-id=\"5b5d081\" data-element_type=\"widget\" data-e-type=\"widget\" data-widget_type=\"text-editor.default\">\n\t\t\t\t<div class=\"elementor-widget-container\">\n\t\t\t\t\t\t\t\t\t<p><span style=\"font-weight: 400;\">Last updated September 2023.<\/span><\/p>\t\t\t\t\t\t\t\t<\/div>\n\t\t\t\t<\/div>\n\t\t\t\t\t<\/div>\n\t\t<\/div>\n\t\t\t\t\t<\/div>\n\t\t<\/section>\n\t\t\t\t<\/div>\n\t\t","protected":false},"excerpt":{"rendered":"<p>Privacy Policy Disclaimer This Privacy Policy is entirely transparent and it outlines how and why we collect, use, disclose, and safeguard the information acquired through cookies in accordance to GDPR. By accessing or using our website, you consent to the practices described in this policy, so please review the entire document carefully before continuing to [&hellip;]<\/p>\n","protected":false},"author":1,"featured_media":0,"parent":0,"menu_order":0,"comment_status":"closed","ping_status":"closed","template":"full-width.php","meta":{"_acf_changed":false,"footnotes":""},"class_list":["post-5273","page","type-page","status-publish","hentry"],"acf":[],"yoast_head":"<!-- This site is optimized with the Yoast SEO plugin v23.8 - https:\/\/yoast.com\/wordpress\/plugins\/seo\/ -->\n<title>Online Werbung - Effektives Marketing<\/title>\n<meta name=\"description\" content=\"Erreichen Sie Mehr KundenWir finden f\u00fcr Sie die besten M\u00f6glichkeiten, f\u00fcr die Produkte und Dienstleistungen Ihres Unternehmens zu werben.\" \/>\n<meta name=\"robots\" content=\"index, follow, max-snippet:-1, max-image-preview:large, max-video-preview:-1\" \/>\n<link rel=\"canonical\" href=\"https:\/\/effektives-marketing.ch\/de\/privacy\/\" \/>\n<meta property=\"og:locale\" content=\"de_DE\" \/>\n<meta property=\"og:type\" content=\"article\" \/>\n<meta property=\"og:title\" content=\"Online Werbung - Effektives Marketing\" \/>\n<meta property=\"og:description\" content=\"Erreichen Sie Mehr KundenWir finden f\u00fcr Sie die besten M\u00f6glichkeiten, f\u00fcr die Produkte und Dienstleistungen Ihres Unternehmens zu werben.\" \/>\n<meta property=\"og:url\" content=\"https:\/\/effektives-marketing.ch\/de\/privacy\/\" \/>\n<meta property=\"og:site_name\" content=\"Effektives Marketing\" \/>\n<meta property=\"article:publisher\" content=\"https:\/\/www.facebook.com\/effektagency.ch\" \/>\n<meta property=\"article:modified_time\" content=\"2023-08-18T07:43:28+00:00\" \/>\n<meta name=\"twitter:card\" content=\"summary_large_image\" \/>\n<meta name=\"twitter:label1\" content=\"Gesch\u00e4tzte Lesezeit\" \/>\n\t<meta name=\"twitter:data1\" content=\"3\u00a0Minuten\" \/>\n<script type=\"application\/ld+json\" class=\"yoast-schema-graph\">{\"@context\":\"https:\/\/schema.org\",\"@graph\":[{\"@type\":\"WebPage\",\"@id\":\"https:\/\/effektives-marketing.ch\/de\/privacy\/\",\"url\":\"https:\/\/effektives-marketing.ch\/de\/privacy\/\",\"name\":\"Online Werbung - Effektives Marketing\",\"isPartOf\":{\"@id\":\"https:\/\/effektives-marketing.ch\/#website\"},\"datePublished\":\"2023-08-18T07:16:51+00:00\",\"dateModified\":\"2023-08-18T07:43:28+00:00\",\"description\":\"Erreichen Sie Mehr KundenWir finden f\u00fcr Sie die besten M\u00f6glichkeiten, f\u00fcr die Produkte und Dienstleistungen Ihres Unternehmens zu werben.\",\"breadcrumb\":{\"@id\":\"https:\/\/effektives-marketing.ch\/de\/privacy\/#breadcrumb\"},\"inLanguage\":\"de-CH\",\"potentialAction\":[{\"@type\":\"ReadAction\",\"target\":[\"https:\/\/effektives-marketing.ch\/de\/privacy\/\"]}]},{\"@type\":\"BreadcrumbList\",\"@id\":\"https:\/\/effektives-marketing.ch\/de\/privacy\/#breadcrumb\",\"itemListElement\":[{\"@type\":\"ListItem\",\"position\":1,\"name\":\"Home\",\"item\":\"https:\/\/effektives-marketing.ch\/de\/\"},{\"@type\":\"ListItem\",\"position\":2,\"name\":\"Privacy Policy\"}]},{\"@type\":\"WebSite\",\"@id\":\"https:\/\/effektives-marketing.ch\/#website\",\"url\":\"https:\/\/effektives-marketing.ch\/\",\"name\":\"Effektives Marketing\",\"description\":\"Everything you need in one place.\",\"publisher\":{\"@id\":\"https:\/\/effektives-marketing.ch\/#organization\"},\"potentialAction\":[{\"@type\":\"SearchAction\",\"target\":{\"@type\":\"EntryPoint\",\"urlTemplate\":\"https:\/\/effektives-marketing.ch\/?s={search_term_string}\"},\"query-input\":{\"@type\":\"PropertyValueSpecification\",\"valueRequired\":true,\"valueName\":\"search_term_string\"}}],\"inLanguage\":\"de-CH\"},{\"@type\":\"Organization\",\"@id\":\"https:\/\/effektives-marketing.ch\/#organization\",\"name\":\"Effektives Marketing\",\"url\":\"https:\/\/effektives-marketing.ch\/\",\"logo\":{\"@type\":\"ImageObject\",\"inLanguage\":\"de-CH\",\"@id\":\"https:\/\/effektives-marketing.ch\/#\/schema\/logo\/image\/\",\"url\":\"https:\/\/effektives-marketing.ch\/wp-content\/uploads\/2021\/02\/Effektives-Icon_border.png\",\"contentUrl\":\"https:\/\/effektives-marketing.ch\/wp-content\/uploads\/2021\/02\/Effektives-Icon_border.png\",\"width\":1352,\"height\":1537,\"caption\":\"Effektives Marketing\"},\"image\":{\"@id\":\"https:\/\/effektives-marketing.ch\/#\/schema\/logo\/image\/\"},\"sameAs\":[\"https:\/\/www.facebook.com\/effektagency.ch\",\"https:\/\/www.instagram.com\/effektagency\/\"]}]}<\/script>\n<!-- \/ Yoast SEO plugin. -->","yoast_head_json":{"title":"Online Werbung - Effektives Marketing","description":"Erreichen Sie Mehr KundenWir finden f\u00fcr Sie die besten M\u00f6glichkeiten, f\u00fcr die Produkte und Dienstleistungen Ihres Unternehmens zu werben.","robots":{"index":"index","follow":"follow","max-snippet":"max-snippet:-1","max-image-preview":"max-image-preview:large","max-video-preview":"max-video-preview:-1"},"canonical":"https:\/\/effektives-marketing.ch\/de\/privacy\/","og_locale":"de_DE","og_type":"article","og_title":"Online Werbung - Effektives Marketing","og_description":"Erreichen Sie Mehr KundenWir finden f\u00fcr Sie die besten M\u00f6glichkeiten, f\u00fcr die Produkte und Dienstleistungen Ihres Unternehmens zu werben.","og_url":"https:\/\/effektives-marketing.ch\/de\/privacy\/","og_site_name":"Effektives Marketing","article_publisher":"https:\/\/www.facebook.com\/effektagency.ch","article_modified_time":"2023-08-18T07:43:28+00:00","twitter_card":"summary_large_image","twitter_misc":{"Gesch\u00e4tzte Lesezeit":"3\u00a0Minuten"},"schema":{"@context":"https:\/\/schema.org","@graph":[{"@type":"WebPage","@id":"https:\/\/effektives-marketing.ch\/de\/privacy\/","url":"https:\/\/effektives-marketing.ch\/de\/privacy\/","name":"Online Werbung - Effektives Marketing","isPartOf":{"@id":"https:\/\/effektives-marketing.ch\/#website"},"datePublished":"2023-08-18T07:16:51+00:00","dateModified":"2023-08-18T07:43:28+00:00","description":"Erreichen Sie Mehr KundenWir finden f\u00fcr Sie die besten M\u00f6glichkeiten, f\u00fcr die Produkte und Dienstleistungen Ihres Unternehmens zu werben.","breadcrumb":{"@id":"https:\/\/effektives-marketing.ch\/de\/privacy\/#breadcrumb"},"inLanguage":"de-CH","potentialAction":[{"@type":"ReadAction","target":["https:\/\/effektives-marketing.ch\/de\/privacy\/"]}]},{"@type":"BreadcrumbList","@id":"https:\/\/effektives-marketing.ch\/de\/privacy\/#breadcrumb","itemListElement":[{"@type":"ListItem","position":1,"name":"Home","item":"https:\/\/effektives-marketing.ch\/de\/"},{"@type":"ListItem","position":2,"name":"Privacy Policy"}]},{"@type":"WebSite","@id":"https:\/\/effektives-marketing.ch\/#website","url":"https:\/\/effektives-marketing.ch\/","name":"Effektives Marketing","description":"Everything you need in one place.","publisher":{"@id":"https:\/\/effektives-marketing.ch\/#organization"},"potentialAction":[{"@type":"SearchAction","target":{"@type":"EntryPoint","urlTemplate":"https:\/\/effektives-marketing.ch\/?s={search_term_string}"},"query-input":{"@type":"PropertyValueSpecification","valueRequired":true,"valueName":"search_term_string"}}],"inLanguage":"de-CH"},{"@type":"Organization","@id":"https:\/\/effektives-marketing.ch\/#organization","name":"Effektives Marketing","url":"https:\/\/effektives-marketing.ch\/","logo":{"@type":"ImageObject","inLanguage":"de-CH","@id":"https:\/\/effektives-marketing.ch\/#\/schema\/logo\/image\/","url":"https:\/\/effektives-marketing.ch\/wp-content\/uploads\/2021\/02\/Effektives-Icon_border.png","contentUrl":"https:\/\/effektives-marketing.ch\/wp-content\/uploads\/2021\/02\/Effektives-Icon_border.png","width":1352,"height":1537,"caption":"Effektives Marketing"},"image":{"@id":"https:\/\/effektives-marketing.ch\/#\/schema\/logo\/image\/"},"sameAs":["https:\/\/www.facebook.com\/effektagency.ch","https:\/\/www.instagram.com\/effektagency\/"]}]}},"_links":{"self":[{"href":"https:\/\/effektives-marketing.ch\/de\/wp-json\/wp\/v2\/pages\/5273","targetHints":{"allow":["GET"]}}],"collection":[{"href":"https:\/\/effektives-marketing.ch\/de\/wp-json\/wp\/v2\/pages"}],"about":[{"href":"https:\/\/effektives-marketing.ch\/de\/wp-json\/wp\/v2\/types\/page"}],"author":[{"embeddable":true,"href":"https:\/\/effektives-marketing.ch\/de\/wp-json\/wp\/v2\/users\/1"}],"replies":[{"embeddable":true,"href":"https:\/\/effektives-marketing.ch\/de\/wp-json\/wp\/v2\/comments?post=5273"}],"version-history":[{"count":25,"href":"https:\/\/effektives-marketing.ch\/de\/wp-json\/wp\/v2\/pages\/5273\/revisions"}],"predecessor-version":[{"id":5298,"href":"https:\/\/effektives-marketing.ch\/de\/wp-json\/wp\/v2\/pages\/5273\/revisions\/5298"}],"wp:attachment":[{"href":"https:\/\/effektives-marketing.ch\/de\/wp-json\/wp\/v2\/media?parent=5273"}],"curies":[{"name":"wp","href":"https:\/\/api.w.org\/{rel}","templated":true}]}}